{"id":143,"date":"2016-01-28T13:22:09","date_gmt":"2016-01-28T12:22:09","guid":{"rendered":"http:\/\/manteufel.wildnature-alliance.de\/?page_id=143"},"modified":"2018-08-28T07:55:58","modified_gmt":"2018-08-28T05:55:58","slug":"foerderantrag-stellen","status":"publish","type":"page","link":"https:\/\/www.manteufel-stiftung.de\/index.php\/foerderantrag-stellen\/","title":{"rendered":"F\u00f6rderantrag stellen"},"content":{"rendered":"<p style=\"text-align: left;\"><a href=\"http:\/\/manteufel.wildnature-alliance.de\/wp-content\/uploads\/2016\/02\/Antrag-Foerdermassnahme.pdf\" target=\"_blank\" rel=\"noopener\"><\/a><a href=\"http:\/\/manteufel.wildnature-alliance.de\/wp-content\/uploads\/2016\/02\/Antrag-Foerdermassnahme.pdf\" target=\"_blank\" rel=\"noopener\"><img loading=\"lazy\" decoding=\"async\" class=\"alignright wp-image-219 size-full\" src=\"http:\/\/www.manteufel-stiftung.de\/wp-content\/uploads\/2016\/01\/foerderantrag.png\" alt=\"foerderantrag\" width=\"145\" height=\"201\" srcset=\"https:\/\/www.manteufel-stiftung.de\/wp-content\/uploads\/2016\/01\/foerderantrag.png 145w, https:\/\/www.manteufel-stiftung.de\/wp-content\/uploads\/2016\/01\/foerderantrag-108x150.png 108w\" sizes=\"auto, (max-width: 145px) 100vw, 145px\" \/><\/a><\/p>\n<p>&nbsp;<\/p>\n<p style=\"text-align: left;\">Sie haben die M\u00f6glichkeit, bei uns einen F\u00f6rderantrag f\u00fcr Ihr eigenes Projekt zu stellen.<br \/>\nNach Bearbeitung Ihres Antrags werden wir uns umgehend bei Ihnen melden.<\/p>\n<p>Bitte beachten Sie bei der Antragstellung bereits im Vorfeld, dass Ihr Projekt in seiner Durchf\u00fchrung und Zielsetzung mit unserem <a href=\"http:\/\/manteufel.wildnature-alliance.de\/index.php\/ueber-die-stiftung\/\">Stiftungszweck<\/a> vereinbar sein muss. Der Vorstand beh\u00e4lt sich vor, F\u00f6rderantr\u00e4ge ohne Angabe von Gr\u00fcnden abzulehnen.<\/p>\n<p>&nbsp;<\/p>\n<p>&nbsp;<\/p>\n<p><img loading=\"lazy\" decoding=\"async\" class=\"aligncenter wp-image-270 size-full\" src=\"http:\/\/www.manteufel-stiftung.de\/wp-content\/uploads\/2016\/01\/front1.jpg\" alt=\"front\" width=\"800\" height=\"456\" srcset=\"https:\/\/www.manteufel-stiftung.de\/wp-content\/uploads\/2016\/01\/front1.jpg 800w, https:\/\/www.manteufel-stiftung.de\/wp-content\/uploads\/2016\/01\/front1-300x171.jpg 300w, https:\/\/www.manteufel-stiftung.de\/wp-content\/uploads\/2016\/01\/front1-150x86.jpg 150w, https:\/\/www.manteufel-stiftung.de\/wp-content\/uploads\/2016\/01\/front1-400x228.jpg 400w\" sizes=\"auto, (max-width: 800px) 100vw, 800px\" \/><\/p>\n<p>&nbsp;<\/p>\n<p>&nbsp;<\/p>\n<p>&nbsp;<\/p>\n<p>&nbsp;<\/p>\n<p>&nbsp;<\/p>\n<p>&nbsp;<\/p>\n<p>&nbsp;<\/p>\n<p>&nbsp;<\/p>\n<p>&nbsp;<\/p>\n<p>&nbsp;<\/p>\n<p>&nbsp;<\/p>\n","protected":false},"excerpt":{"rendered":"<p style=\"text-align: left;\">\n<p>&nbsp;<\/p>\n<p style=\"text-align: left;\">Sie haben die M\u00f6glichkeit, bei uns einen F\u00f6rderantrag f\u00fcr Ihr eigenes Projekt zu stellen. Nach Bearbeitung Ihres Antrags werden wir uns umgehend bei Ihnen melden.<\/p>\n<p>Bitte beachten Sie bei der Antragstellung bereits im Vorfeld, dass Ihr Projekt in seiner Durchf\u00fchrung und Zielsetzung mit unserem Stiftungszweck vereinbar sein muss. Der [&#8230;]<\/p>\n","protected":false},"author":1,"featured_media":0,"parent":0,"menu_order":0,"comment_status":"closed","ping_status":"closed","template":"","meta":{"footnotes":""},"class_list":["post-143","page","type-page","status-publish","hentry","odd"],"_links":{"self":[{"href":"https:\/\/www.manteufel-stiftung.de\/index.php\/wp-json\/wp\/v2\/pages\/143","targetHints":{"allow":["GET"]}}],"collection":[{"href":"https:\/\/www.manteufel-stiftung.de\/index.php\/wp-json\/wp\/v2\/pages"}],"about":[{"href":"https:\/\/www.manteufel-stiftung.de\/index.php\/wp-json\/wp\/v2\/types\/page"}],"author":[{"embeddable":true,"href":"https:\/\/www.manteufel-stiftung.de\/index.php\/wp-json\/wp\/v2\/users\/1"}],"replies":[{"embeddable":true,"href":"https:\/\/www.manteufel-stiftung.de\/index.php\/wp-json\/wp\/v2\/comments?post=143"}],"version-history":[{"count":15,"href":"https:\/\/www.manteufel-stiftung.de\/index.php\/wp-json\/wp\/v2\/pages\/143\/revisions"}],"predecessor-version":[{"id":336,"href":"https:\/\/www.manteufel-stiftung.de\/index.php\/wp-json\/wp\/v2\/pages\/143\/revisions\/336"}],"wp:attachment":[{"href":"https:\/\/www.manteufel-stiftung.de\/index.php\/wp-json\/wp\/v2\/media?parent=143"}],"curies":[{"name":"wp","href":"https:\/\/api.w.org\/{rel}","templated":true}]}}