{"id":21,"date":"2015-11-06T20:56:15","date_gmt":"2015-11-06T19:56:15","guid":{"rendered":"http:\/\/manteufel.wildnature-alliance.de\/?page_id=21"},"modified":"2025-10-29T16:22:26","modified_gmt":"2025-10-29T15:22:26","slug":"ueber-die-stiftung","status":"publish","type":"page","link":"https:\/\/www.manteufel-stiftung.de\/index.php\/ueber-die-stiftung\/","title":{"rendered":"\u00dcber die Stiftung"},"content":{"rendered":"<p>&nbsp;<\/p>\n<p>Im Jahr 2001 gr\u00fcndete der geb\u00fcrtige Halberst\u00e4dter Rolf P. C. Manteufel gemeinsam mit seiner Ehefrau Edith Maria die Manteufel Stiftung und stattete sie mit 200.000 DM Stiftungskapital aus. Dar\u00fcber hinaus setzten die Stifter die Manteufel Stiftung zum Alleinerben ihrer gesamten Verm\u00f6genswerte ein. In den Jahren 2010 und 2011 verstarben die Stifter.<\/p>\n<h4><img loading=\"lazy\" decoding=\"async\" class=\"alignright wp-image-265 size-medium\" src=\"http:\/\/www.manteufel-stiftung.de\/wp-content\/uploads\/2015\/11\/page01-300x200.jpg\" alt=\"page01\" width=\"300\" height=\"200\" srcset=\"https:\/\/www.manteufel-stiftung.de\/wp-content\/uploads\/2015\/11\/page01-300x200.jpg 300w, https:\/\/www.manteufel-stiftung.de\/wp-content\/uploads\/2015\/11\/page01-150x100.jpg 150w, https:\/\/www.manteufel-stiftung.de\/wp-content\/uploads\/2015\/11\/page01-400x267.jpg 400w, https:\/\/www.manteufel-stiftung.de\/wp-content\/uploads\/2015\/11\/page01.jpg 800w\" sizes=\"auto, (max-width: 300px) 100vw, 300px\" \/>Stiftungszweck<\/h4>\n<p>Zweck der Stiftung ist die F\u00f6rderung des Natur- und Tierschutzes.<br \/>Sie ist ausschlie\u00dflich gemeinn\u00fctzig t\u00e4tig.<\/p>\n<p><a href=\"http:\/\/manteufel.wildnature-alliance.de\/wp-content\/uploads\/2016\/02\/Satzung_Manteufel-Stiftung.pdf\" target=\"_blank\" rel=\"noopener noreferrer\">Unsere vollst\u00e4ndige Stiftungssatzung k\u00f6nnen Sie sich hier herunterladen [PDF-Datei; 2,95 MB].<\/a><\/p>\n<h4>Vorstand &amp; Kuratorium<\/h4>\n<p>Die Stiftung hat einen Stiftungsvorstand und ein Kuratorium, dass den Vorstand ber\u00e4t und \u00fcberwacht. Ihnen geh\u00f6ren unter anderem an:<\/p>\n<p><img loading=\"lazy\" decoding=\"async\" class=\"wp-image-183 size-full alignleft\" src=\"http:\/\/www.manteufel-stiftung.de\/wp-content\/uploads\/2015\/11\/kuerten.jpg\" alt=\"kuerten\" width=\"167\" height=\"250\" srcset=\"https:\/\/www.manteufel-stiftung.de\/wp-content\/uploads\/2015\/11\/kuerten.jpg 167w, https:\/\/www.manteufel-stiftung.de\/wp-content\/uploads\/2015\/11\/kuerten-100x150.jpg 100w\" sizes=\"auto, (max-width: 167px) 100vw, 167px\" \/><\/p>\n<p><strong>Detlef K\u00fcrten<\/strong><\/p>\n<p>Detlef K\u00fcrten (Jahrgang 1963)\u00a0Abteilungsleiter der Harzsparkasse f\u00fcr den Bereich Verm\u00f6gensmanagement und dort auch verantwortlich f\u00fcr den Bereich Stiftungen und Testamentsvollstreckungen.<br \/>Hobbies sind Bergwandern (war schon in Nepal, Anden und Kimandjaro) und Schachspiel (Vorsitzender Einheit Halberstadt Abt. Schach).<\/p>\n<p>&nbsp;<\/p>\n<p>&nbsp;<\/p>\n<p>&nbsp;<\/p>\n<p><img loading=\"lazy\" decoding=\"async\" class=\"alignleft wp-image-213 size-full\" src=\"http:\/\/www.manteufel-stiftung.de\/wp-content\/uploads\/2015\/11\/nicolai.jpg\" alt=\"nicolai\" width=\"167\" height=\"250\" srcset=\"https:\/\/www.manteufel-stiftung.de\/wp-content\/uploads\/2015\/11\/nicolai.jpg 167w, https:\/\/www.manteufel-stiftung.de\/wp-content\/uploads\/2015\/11\/nicolai-100x150.jpg 100w\" sizes=\"auto, (max-width: 167px) 100vw, 167px\" \/><\/p>\n<p><strong>Dr. Bernd Nicolai<\/strong><\/p>\n<p>Dr. Bernd Nicolai (Jahrgang 1950) ist Dipl.-Biol.,\u00a0 Leiter\u00a0des Museum Heineanum Halberstadt\u00a0i.R.\u00a0Er ist in zahlreichen ehrenamtlichen Funktionen, etwa als Mitglied des wissenschschaftlichen Beirates des Nationalparkes Harz, des Beirates der Deutschen Ornithologen-Gesellschaft oder Redaktionsbeir\u00e4ten t\u00e4tig und hat auf die Entwicklungen in Forschung auf dem Gebiet der Vogelkunde und praktischen Naturschutz Einfluss genommen. Sehr aktiv ist sein Einsatz f\u00fcr den F\u00f6rderkreis f\u00fcr Vogelkunde und Naturschutz am Museum Heineanum e.V.<\/p>\n<p>&nbsp;<\/p>\n<p><img loading=\"lazy\" decoding=\"async\" class=\"alignleft wp-image-179 size-full\" src=\"http:\/\/www.manteufel-stiftung.de\/wp-content\/uploads\/2015\/11\/breitschuh.jpg\" alt=\"breitschuh\" width=\"167\" height=\"250\" srcset=\"https:\/\/www.manteufel-stiftung.de\/wp-content\/uploads\/2015\/11\/breitschuh.jpg 167w, https:\/\/www.manteufel-stiftung.de\/wp-content\/uploads\/2015\/11\/breitschuh-100x150.jpg 100w\" sizes=\"auto, (max-width: 167px) 100vw, 167px\" \/><\/p>\n<p><strong><br \/>Marina Breitschuh<\/strong><\/p>\n<p>Marina Breitschuh war viele Jahre im Halberst\u00e4dter Tiergarten als Sachgebietsleiterin t\u00e4tig.<br \/>Sie mag alle Tiere und unternimmt immer wieder Reisen nach Afrika, um freie Tiere in der Natur zu beobachten.<br \/>Sie engagiert sich in der Manteufel Stiftung, weil die Stiftung ganz konkrete Projekte im Tier &#8211; und Artenschutz unterst\u00fctzt.<\/p>\n<p>&nbsp;<\/p>\n<p>&nbsp;<\/p>\n<p><img loading=\"lazy\" decoding=\"async\" class=\"alignleft wp-image-181 size-full\" src=\"http:\/\/www.manteufel-stiftung.de\/wp-content\/uploads\/2015\/11\/becker.jpg\" alt=\"becker\" width=\"167\" height=\"250\" srcset=\"https:\/\/www.manteufel-stiftung.de\/wp-content\/uploads\/2015\/11\/becker.jpg 167w, https:\/\/www.manteufel-stiftung.de\/wp-content\/uploads\/2015\/11\/becker-100x150.jpg 100w\" sizes=\"auto, (max-width: 167px) 100vw, 167px\" \/><\/p>\n<p><strong><br \/>Frauke Becker<\/strong><\/p>\n<p>Frauke Becker\u00a0ist 1985 in Halberstadt geboren. Sie\u00a0arbeitet hauptamtlich f\u00fcr einen IT &#8211; Dienstleister.<\/p>\n<p>2004 bis 2017 hat sie ehrenamtlich die Vermittlung der Hunde aus der Halberst\u00e4dter Fundtierunterkunft f\u00fcr den Tierschutzverein Halberstadt und die Stadt Halberstadt \u00fcbernommen.<\/p>\n<p>Ihr Interesse f\u00fcr den Tier- und Naturschutz ist sehr vielf\u00e4ltig und stark regional gepr\u00e4gt. Mit ihrem Wissen unterst\u00fctzt sie die Stiftung seit 2015.<\/p>\n<p>&nbsp;<\/p>\n<p><img loading=\"lazy\" decoding=\"async\" class=\"alignleft wp-image-182 size-full\" src=\"http:\/\/www.manteufel-stiftung.de\/wp-content\/uploads\/2015\/11\/eggert.jpg\" alt=\"eggert\" width=\"167\" height=\"250\" srcset=\"https:\/\/www.manteufel-stiftung.de\/wp-content\/uploads\/2015\/11\/eggert.jpg 167w, https:\/\/www.manteufel-stiftung.de\/wp-content\/uploads\/2015\/11\/eggert-100x150.jpg 100w\" sizes=\"auto, (max-width: 167px) 100vw, 167px\" \/><\/p>\n<p><strong><br \/>Marko Eggert<\/strong><\/p>\n<p>Marko Eggert ist am 20.09.1969 in Halberstadt geboren. Er ist verheiratet und hat 3 Kinder. Er ist Steuerberater und seit 2002 selbstst\u00e4ndig.<br \/>Er bringt sein berufliches Fachwissen in die Stiftungsarbeit ein und ist dar\u00fcber hinaus am Natur- und Tierschutz der Region interessiert.<\/p>\n<p>&nbsp;<\/p>\n<p>&nbsp;<\/p>\n<p>&nbsp;<\/p>\n<p>&nbsp;<\/p>\n<p><br \/><strong>Florian Hartmann<\/strong><\/p>\n<p>Tierpflegemeister im Tiergarten Halberstadt<\/p>\n<p>&nbsp;<\/p>\n<p>&nbsp;<\/p>\n<h4>\u00a0<\/h4>\n<p><strong>Anna Sophie Veit<\/strong><\/p>\n<p>Ehrenamtliche Mitarbeiterin im Tierschutzverein Halberstadt.<\/p>\n<p>Bild folgt !<\/p>\n<h4>\u00a0<\/h4>\n<h4>Wie hat die Stiftung ihren Auftrag bisher erf\u00fcllt und wie soll es weitergehen?<\/h4>\n<p>Bislang unterst\u00fctzte die Stiftung mehrere Tierheime im Landkreis Harz und im nahen nieders\u00e4chsischen Raum mit meist projektgebundenen Zusch\u00fcssen. In Halberstadt profitierten davon besonders der Tiergarten, die Fundtierunterkunft und der Tierschutzverein.<\/p>\n<p>Im Halberst\u00e4dter Tiergarten wurde eine Auffangstation f\u00fcr verletzte Wildv\u00f6gel errichtet und erfolgreich etabliert. Dort werden Tiere entweder f\u00fcr eine erneute Auswilderung fit gemacht oder \u2013 wenn eine R\u00fcckkehr in die Natur nicht mehr m\u00f6glich ist \u2013 als Dauerpfleglinge in der Einrichtung versorgt. Inzwischen konnte die Station zudem erweitert werden, um noch mehr V\u00f6geln helfen zu k\u00f6nnen.<\/p>\n<h4>\u00a0<\/h4>\n<h4>Zur Entstehung der Stiftung<\/h4>\n<p>Bei Urlauben besonders auf Mallorca und dem spanischen Festland fielen den Manteufels \u2013 selbst Hundebesitzer \u2013 immer wieder freilaufende Hunde in bedauernswerten Zust\u00e4nden auf. Sie nahmen Kontakt zu dortigen Tierheimen auf und machten Hilfsangebote. F\u00fcr ein regelm\u00e4\u00dfiges auch finanzielles Engagement fanden sie jedoch keine verl\u00e4sslichen Partner dort vor Ort.<br \/>Am 29.06.2001 gr\u00fcndeten sie daraufhin in Bad Harzburg die Manteufel-Stiftung und statteten sie mit 200 TDM Kapital aus. Zweck der Stiftung war und ist die F\u00f6rderung des Natur-und Tierschutzes, insbesondere die Unterst\u00fctzung von Tier-und Gnadenh\u00f6fen.<\/p>\n<p>In der Folgezeit wurden Tierschutzvereine in Kaufbeuren, Dachau und Seesen aber besonders auch in der Geburtsstadt von Rolf P.C. Manteufel in Halberstadt gef\u00f6rdert. \u00dcber die Jahre flossen in Projekte wie die Fundtierunterkunft, die Quarant\u00e4nestation und das Katzenhaus in Halberstadt \u00fcber 20T\u20ac. Insgesamt wurden allein bis 2006 Ertr\u00e4ge aus dem Stiftungsverm\u00f6gen von ca. 30T\u20ac ausbezahlt.<\/p>\n<p>Die Vorstandsfunktion der Stiftung lag zun\u00e4chst bei den Stiftern. Satzungsgem\u00e4\u00df wurde dazu ein beratendes Kuratorium einberufen. In den Folgejahren verschlechterte sich der Gesundheitszustand vom Ehepaar Manteufel. Eine ordnungsgem\u00e4\u00dfe Stiftungsarbeit fand zunehmend nicht mehr statt.<\/p>\n<p>Nach dem Ableben der Stifter 2010 und 2011 stellte sich heraus, dass die Manteufels schon im Jahr 2000 ihr gesamtes Verm\u00f6gen der Stiftung vererbt hatten. Zu neuen Vorstandsmitgliedern bestimmte das Kuratorium den Neffen der verstorbenen Stifter Herrn Heico Krause aus Fl\u00f6rsheim in Hessen, dessen Ehefrau Melek-Krause und den langj\u00e4hrigen juristischen Berater der Manteufels, den Rechtsanwalt Rainer Pommer aus Bad Harzburg.<br \/>Der Vorstand wurde beauftragt, den Nachlass zu sichten und dem Stiftungskonto zuzuf\u00fchren und die Handlungsf\u00e4higkeit der Stiftung wieder herzustellen.<\/p>\n<p>Zum Nachlass geh\u00f6rten ein Einfamilienhaus, zwei Eigentumswohnungen, Geldbest\u00e4nde in bar und auf Konten u.a. in der Schweiz, Fondsbeteiligungen und Gold. Nach Abschluss dieser Arbeiten Ende 2013 stellten die Vorstandsmitglieder ihre \u00c4mter zum 31.05.2014 zur Verf\u00fcgung und baten das Kuratorium um eine Neuwahl des Vorstandes und eine Neuausrichtung der Stiftungsarbeit.<\/p>\n<p>Am 03.06.2014 w\u00e4hlte das Kuratorium Herrn Dr. Michael Haase zum Vorsitzenden des Vorstandes, Herrn Michael Bussenius zum stellvertretenden Vorsitzenden und Herrn Detlef K\u00fcrten ebenfalls zum Vorstandsmitglied.<\/p>\n<p>Das Kuratorium besteht aus Frau Marina Breitschuh, Frau Frauke Becker, Herr Dr. Bernd Nicolai und Herr Marko Eggert. Zum Vorsitzenden des Kuratoriums wurde Herr Dr. Bernd Nicolai bestellt.<\/p>\n<p>2014 &#8211; Beschluss \u00fcber die Ausrichtung der k\u00fcnftigen Stiftungsarbeit, Erstellung eines umfassenden Jahresabschlusses.<\/p>\n<p>2015 &#8211; Neuanlage der Gelder, Erstellung einer Facebook Seite, Erstellung Flyer.<\/p>\n<p>2016 &#8211; Ver\u00f6ffentlichung der neu erstellten Homepage &amp; Umsetzung Projekt Greifvogelvoliere im Tiergarten<\/p>\n<p>2017 &#8211; ausscheiden\u00a0Michael Bussenius &amp; Neubesetzung durch\u00a0Florian Hartmann<\/p>\n<p>29.08.2018 &#8211; Neuwahl Vorstand (Dr. Michael Haase, Detlef K\u00fcrten, Florian Hartmann) und Kuratorium (Dr. Bernd Nicolai, Frauke Becker, Marko Eggert, Marina Breitschuh)<\/p>\n<p>2018 &#8211; Umsetzung Projekt Sanierung Fundtierunterkunft Halberstadt<br \/>\u00a0 \u00a0 \u00a0 \u00a0 \u00a0&#8211; F\u00f6rderung der Reparatur des Katzenhauses des Tierschutzvereins<\/p>\n<p>2019 &#8211;\u00a0Sanierung der Unterkunft f\u00fcr Fundhunde 1. Bauabschnitt<br clear=\"none\" \/>\u00a0 \u00a0 \u00a0 \u00a0 \u00a0&#8211; F\u00f6rderung des Schutzes von Flederm\u00e4usen in den Klusbergen<br \/><br clear=\"none\" \/>2020 &#8211;\u00a0Sanierung der Unterkunft f\u00fcr Fundhunde 2. Bauabschnitt<br clear=\"none\" \/>\u00a0 \u00a0 \u00a0 \u00a0 \u00a0&#8211; F\u00f6rderung eines Kamerasystems zur Beobachtung von Rotmilanhorsten<br \/><br clear=\"none\" \/>2021 &#8211;\u00a0Erweiterung und Neubau einer Voliere f\u00fcr verletzte Greifv\u00f6gel und Eulen 1. Bauabschnitt<br clear=\"none\" \/>\u00a0 \u00a0 \u00a0 \u00a0 &#8211; F\u00f6rderung der Geb\u00e4udesanierung beim Tierschutzverein<\/p>\n<p>2025- Errichtung einer Voliere f\u00fcr verletzte Greifv\u00f6gel im Tierpark Christianental<\/p>\n\n\n<p><\/p>\n","protected":false},"excerpt":{"rendered":"<p>&nbsp;<\/p>\n<p>Im Jahr 2001 gr\u00fcndete der geb\u00fcrtige Halberst\u00e4dter Rolf P. C. Manteufel gemeinsam mit seiner Ehefrau Edith Maria die Manteufel Stiftung und stattete sie mit 200.000 DM Stiftungskapital aus. Dar\u00fcber hinaus setzten die Stifter die Manteufel Stiftung zum Alleinerben ihrer gesamten Verm\u00f6genswerte ein. In den Jahren 2010 und 2011 verstarben die Stifter.<\/p>\n<p> Stiftungszweck <\/p>\n<p>Zweck der [&#8230;]<\/p>\n","protected":false},"author":1,"featured_media":379,"parent":0,"menu_order":0,"comment_status":"closed","ping_status":"closed","template":"","meta":{"footnotes":""},"class_list":["post-21","page","type-page","status-publish","has-post-thumbnail","hentry","odd"],"_links":{"self":[{"href":"https:\/\/www.manteufel-stiftung.de\/index.php\/wp-json\/wp\/v2\/pages\/21","targetHints":{"allow":["GET"]}}],"collection":[{"href":"https:\/\/www.manteufel-stiftung.de\/index.php\/wp-json\/wp\/v2\/pages"}],"about":[{"href":"https:\/\/www.manteufel-stiftung.de\/index.php\/wp-json\/wp\/v2\/types\/page"}],"author":[{"embeddable":true,"href":"https:\/\/www.manteufel-stiftung.de\/index.php\/wp-json\/wp\/v2\/users\/1"}],"replies":[{"embeddable":true,"href":"https:\/\/www.manteufel-stiftung.de\/index.php\/wp-json\/wp\/v2\/comments?post=21"}],"version-history":[{"count":89,"href":"https:\/\/www.manteufel-stiftung.de\/index.php\/wp-json\/wp\/v2\/pages\/21\/revisions"}],"predecessor-version":[{"id":449,"href":"https:\/\/www.manteufel-stiftung.de\/index.php\/wp-json\/wp\/v2\/pages\/21\/revisions\/449"}],"wp:featuredmedia":[{"embeddable":true,"href":"https:\/\/www.manteufel-stiftung.de\/index.php\/wp-json\/wp\/v2\/media\/379"}],"wp:attachment":[{"href":"https:\/\/www.manteufel-stiftung.de\/index.php\/wp-json\/wp\/v2\/media?parent=21"}],"curies":[{"name":"wp","href":"https:\/\/api.w.org\/{rel}","templated":true}]}}