{"id":25,"date":"2015-11-06T20:56:59","date_gmt":"2015-11-06T19:56:59","guid":{"rendered":"http:\/\/manteufel.wildnature-alliance.de\/?page_id=25"},"modified":"2018-08-28T07:56:16","modified_gmt":"2018-08-28T05:56:16","slug":"spenden","status":"publish","type":"page","link":"https:\/\/www.manteufel-stiftung.de\/index.php\/spenden\/","title":{"rendered":"Erbschaften und Spenden"},"content":{"rendered":"<p><img loading=\"lazy\" decoding=\"async\" class=\"alignright wp-image-154 size-medium\" src=\"http:\/\/www.manteufel-stiftung.de\/wp-content\/uploads\/2015\/11\/pic01-300x300.jpg\" alt=\"pic01\" width=\"300\" height=\"300\" srcset=\"https:\/\/www.manteufel-stiftung.de\/wp-content\/uploads\/2015\/11\/pic01-300x300.jpg 300w, https:\/\/www.manteufel-stiftung.de\/wp-content\/uploads\/2015\/11\/pic01-150x150.jpg 150w, https:\/\/www.manteufel-stiftung.de\/wp-content\/uploads\/2015\/11\/pic01.jpg 350w\" sizes=\"auto, (max-width: 300px) 100vw, 300px\" \/><\/p>\n<h3>Erbschaften<\/h3>\n<p>Ein Zeichen setzen f\u00fcr die Natur.<br \/>\n\u00dcber den eigenen Tod denkt niemand gerne nach. Doch wer die Zukunft nach seinem Willen gestalten m\u00f6chte, sollte bereits zu Lebzeiten bestimmen, was mit seinem Erbe geschehen soll.<br \/>\nMenschen, die unsere Natur langfristig sch\u00fctzen m\u00f6chten und denen am Herzen liegt, dass nachfolgende Generationen in einer intakten Umwelt aufwachsen, k\u00f6nnen die Manteufel Stiftung in ihrem Testament bedenken.<br \/>\nMit Ihrem letzten Willen haben Sie die Chance, vorzusorgen, zu gestalten und Zukunft zu schenken \u2013 schon zu Ihren Lebzeiten. Ein Testament ist eine gute M\u00f6glichkeit, Dinge \u00fcber den Tod hinaus selbst bestimmt zu regeln \u2013 auch f\u00fcr Sie. Gerade dann, wenn Ihnen eine lebenswerte Natur am Herzen liegt, in der die Generationen nach Ihnen heranwachsen und leben.<br \/>\nHaben Sie Fragen zu diesem Thema, scheuen Sie sich nicht uns pers\u00f6nlich anzusprechen.<\/p>\n<p>&nbsp;<\/p>\n<h3><img loading=\"lazy\" decoding=\"async\" class=\"alignright wp-image-161 size-medium\" src=\"http:\/\/www.manteufel-stiftung.de\/wp-content\/uploads\/2015\/11\/pic02-300x300.jpg\" alt=\"pic02\" width=\"300\" height=\"300\" srcset=\"https:\/\/www.manteufel-stiftung.de\/wp-content\/uploads\/2015\/11\/pic02-300x300.jpg 300w, https:\/\/www.manteufel-stiftung.de\/wp-content\/uploads\/2015\/11\/pic02-150x150.jpg 150w, https:\/\/www.manteufel-stiftung.de\/wp-content\/uploads\/2015\/11\/pic02.jpg 350w\" sizes=\"auto, (max-width: 300px) 100vw, 300px\" \/>Spenden<\/h3>\n<p>Die Spendengelder werden in voller H\u00f6he ohne Abzug von Verwaltungskosten und Kosten f\u00fcr die \u00d6ffentlichkeitsarbeit f\u00fcr Tier- und Naturschutzprojekte verwendet. Alle 7 f\u00fcr die Stiftung handelnden Personen arbeiten ehrenamtlich und bekommen keine Aufwandsentsch\u00e4digung. \u00dcber jede Spende bekommen Sie eine Zuwendungsbest\u00e4tigung.<br \/>\nDie Manteufel Stiftung legt ihr Stiftungskapital sorgf\u00e4ltig und seri\u00f6s und nicht in spekulativen Geldanlagen an. Die Geldanlage wird laufend \u00fcberwacht und regelm\u00e4\u00dfig \u00fcberarbeitet und dem Markt angepasst.<br \/>\nDie Manteufel Stiftung garantiert Ihnen, dass Ihre pers\u00f6nlichen Daten nicht an Dritte verkauft, vermietet oder in anderer Weise weitergegeben werden. Ihre Daten werden vertraulich behandelt.<br \/>\nVielen Dank f\u00fcr Ihr Vertrauen und Ihre Unterst\u00fctzung unserer Arbeit.<\/p>\n<p>&nbsp;<\/p>\n<p>&nbsp;<\/p>\n","protected":false},"excerpt":{"rendered":"<\/p>\n<p> Erbschaften <\/p>\n<p>Ein Zeichen setzen f\u00fcr die Natur. \u00dcber den eigenen Tod denkt niemand gerne nach. Doch wer die Zukunft nach seinem Willen gestalten m\u00f6chte, sollte bereits zu Lebzeiten bestimmen, was mit seinem Erbe geschehen soll. Menschen, die unsere Natur langfristig sch\u00fctzen m\u00f6chten und denen am Herzen liegt, dass nachfolgende Generationen in einer intakten Umwelt [&#8230;]<\/p>\n","protected":false},"author":1,"featured_media":0,"parent":0,"menu_order":0,"comment_status":"closed","ping_status":"closed","template":"","meta":{"footnotes":""},"class_list":["post-25","page","type-page","status-publish","hentry","odd"],"_links":{"self":[{"href":"https:\/\/www.manteufel-stiftung.de\/index.php\/wp-json\/wp\/v2\/pages\/25","targetHints":{"allow":["GET"]}}],"collection":[{"href":"https:\/\/www.manteufel-stiftung.de\/index.php\/wp-json\/wp\/v2\/pages"}],"about":[{"href":"https:\/\/www.manteufel-stiftung.de\/index.php\/wp-json\/wp\/v2\/types\/page"}],"author":[{"embeddable":true,"href":"https:\/\/www.manteufel-stiftung.de\/index.php\/wp-json\/wp\/v2\/users\/1"}],"replies":[{"embeddable":true,"href":"https:\/\/www.manteufel-stiftung.de\/index.php\/wp-json\/wp\/v2\/comments?post=25"}],"version-history":[{"count":18,"href":"https:\/\/www.manteufel-stiftung.de\/index.php\/wp-json\/wp\/v2\/pages\/25\/revisions"}],"predecessor-version":[{"id":337,"href":"https:\/\/www.manteufel-stiftung.de\/index.php\/wp-json\/wp\/v2\/pages\/25\/revisions\/337"}],"wp:attachment":[{"href":"https:\/\/www.manteufel-stiftung.de\/index.php\/wp-json\/wp\/v2\/media?parent=25"}],"curies":[{"name":"wp","href":"https:\/\/api.w.org\/{rel}","templated":true}]}}